{"id":9,"date":"2026-02-20T19:34:04","date_gmt":"2026-02-20T19:34:04","guid":{"rendered":"http:\/\/chesspuzzlepuzzle.com\/?page_id=9"},"modified":"2026-02-20T19:41:25","modified_gmt":"2026-02-20T19:41:25","slug":"chess-puzzle-puzzle","status":"publish","type":"page","link":"https:\/\/chesspuzzlepuzzle.com\/","title":{"rendered":"Le Jeu"},"content":{"rendered":"\n<h2 class=\"wp-block-heading\">Chess Puzzle Puzzle<\/h2>\n\n\n\n<p><\/p>\n\n\n\n<h3 class=\"wp-block-heading\">Entra\u00eenement tactique aux \u00e9checs nouvelle g\u00e9n\u00e9ration<\/h3>\n\n\n\n<p>Chess Puzzle Puzzle est une application mobile d\u00e9di\u00e9e \u00e0 l\u2019entra\u00eenement tactique intensif aux \u00e9checs.<\/p>\n\n\n\n<p>Con\u00e7ue pour les joueurs ambitieux, elle propose :<\/p>\n\n\n\n<p>\u2022 Entra\u00eenement cibl\u00e9 par th\u00e8me (fourchettes, mats, clouages, finales\u2026)<br>\u2022 Mode marathon pour automatiser les r\u00e9flexes<br>\u2022 Mode tournoi pour simuler des conditions r\u00e9elles<br>\u2022 D\u00e9fi quotidien<br>\u2022 Adaptation dynamique de la difficult\u00e9<\/p>\n\n\n\n<p>Notre objectif : transformer votre calcul en r\u00e9flexe.<\/p>\n\n\n\n<p>Disponible sur iOS et Android.<\/p>\n","protected":false},"excerpt":{"rendered":"<p>Chess Puzzle Puzzle Entra\u00eenement tactique aux \u00e9checs nouvelle g\u00e9n\u00e9ration Chess Puzzle Puzzle est une application mobile d\u00e9di\u00e9e \u00e0 l\u2019entra\u00eenement tactique [&hellip;]<\/p>\n","protected":false},"author":1,"featured_media":10,"parent":0,"menu_order":0,"comment_status":"closed","ping_status":"closed","template":"","meta":{"site-sidebar-layout":"default","site-content-layout":"","ast-site-content-layout":"default","site-content-style":"default","site-sidebar-style":"default","ast-global-header-display":"","ast-banner-title-visibility":"","ast-main-header-display":"","ast-hfb-above-header-display":"","ast-hfb-below-header-display":"","ast-hfb-mobile-header-display":"","site-post-title":"","ast-breadcrumbs-content":"","ast-featured-img":"","footer-sml-layout":"","ast-disable-related-posts":"","theme-transparent-header-meta":"","adv-header-id-meta":"","stick-header-meta":"","header-above-stick-meta":"","header-main-stick-meta":"","header-below-stick-meta":"","astra-migrate-meta-layouts":"default","ast-page-background-enabled":"default","ast-page-background-meta":{"desktop":{"background-color":"var(--ast-global-color-5)","background-image":"","background-repeat":"repeat","background-position":"center center","background-size":"auto","background-attachment":"scroll","background-type":"","background-media":"","overlay-type":"","overlay-color":"","overlay-opacity":"","overlay-gradient":""},"tablet":{"background-color":"","background-image":"","background-repeat":"repeat","background-position":"center center","background-size":"auto","background-attachment":"scroll","background-type":"","background-media":"","overlay-type":"","overlay-color":"","overlay-opacity":"","overlay-gradient":""},"mobile":{"background-color":"","background-image":"","background-repeat":"repeat","background-position":"center center","background-size":"auto","background-attachment":"scroll","background-type":"","background-media":"","overlay-type":"","overlay-color":"","overlay-opacity":"","overlay-gradient":""}},"ast-content-background-meta":{"desktop":{"background-color":"var(--ast-global-color-4)","background-image":"","background-repeat":"repeat","background-position":"center center","background-size":"auto","background-attachment":"scroll","background-type":"","background-media":"","overlay-type":"","overlay-color":"","overlay-opacity":"","overlay-gradient":""},"tablet":{"background-color":"var(--ast-global-color-4)","background-image":"","background-repeat":"repeat","background-position":"center center","background-size":"auto","background-attachment":"scroll","background-type":"","background-media":"","overlay-type":"","overlay-color":"","overlay-opacity":"","overlay-gradient":""},"mobile":{"background-color":"var(--ast-global-color-4)","background-image":"","background-repeat":"repeat","background-position":"center center","background-size":"auto","background-attachment":"scroll","background-type":"","background-media":"","overlay-type":"","overlay-color":"","overlay-opacity":"","overlay-gradient":""}},"footnotes":""},"class_list":["post-9","page","type-page","status-publish","has-post-thumbnail","hentry"],"_links":{"self":[{"href":"https:\/\/chesspuzzlepuzzle.com\/index.php\/wp-json\/wp\/v2\/pages\/9","targetHints":{"allow":["GET"]}}],"collection":[{"href":"https:\/\/chesspuzzlepuzzle.com\/index.php\/wp-json\/wp\/v2\/pages"}],"about":[{"href":"https:\/\/chesspuzzlepuzzle.com\/index.php\/wp-json\/wp\/v2\/types\/page"}],"author":[{"embeddable":true,"href":"https:\/\/chesspuzzlepuzzle.com\/index.php\/wp-json\/wp\/v2\/users\/1"}],"replies":[{"embeddable":true,"href":"https:\/\/chesspuzzlepuzzle.com\/index.php\/wp-json\/wp\/v2\/comments?post=9"}],"version-history":[{"count":2,"href":"https:\/\/chesspuzzlepuzzle.com\/index.php\/wp-json\/wp\/v2\/pages\/9\/revisions"}],"predecessor-version":[{"id":15,"href":"https:\/\/chesspuzzlepuzzle.com\/index.php\/wp-json\/wp\/v2\/pages\/9\/revisions\/15"}],"wp:featuredmedia":[{"embeddable":true,"href":"https:\/\/chesspuzzlepuzzle.com\/index.php\/wp-json\/wp\/v2\/media\/10"}],"wp:attachment":[{"href":"https:\/\/chesspuzzlepuzzle.com\/index.php\/wp-json\/wp\/v2\/media?parent=9"}],"curies":[{"name":"wp","href":"https:\/\/api.w.org\/{rel}","templated":true}]}}